{"id":2,"date":"2025-04-25T18:58:28","date_gmt":"2025-04-25T18:58:28","guid":{"rendered":"https:\/\/newcloud.netpoint.com.br\/?page_id=2"},"modified":"2025-04-25T21:59:02","modified_gmt":"2025-04-25T21:59:02","slug":"sample-page","status":"publish","type":"page","link":"https:\/\/newcloud.netpoint.com.br\/","title":{"rendered":"Sample Page"},"content":{"rendered":"\t\t<div data-elementor-type=\"wp-page\" data-elementor-id=\"2\" class=\"elementor elementor-2\">\n\t\t\t\t<div class=\"elementor-element elementor-element-c41325b e-flex e-con-boxed e-con e-parent\" data-id=\"c41325b\" data-element_type=\"container\" data-settings=\"{&quot;background_background&quot;:&quot;video&quot;}\">\n\t\t\t\t\t<div class=\"e-con-inner\">\n\t\t<div class=\"elementor-element elementor-element-675f45c e-con-full e-flex e-con e-child\" data-id=\"675f45c\" data-element_type=\"container\">\n\t\t\t\t<div class=\"elementor-element elementor-element-b1c6ba3 elementor-widget__width-initial elementor-widget elementor-widget-image\" data-id=\"b1c6ba3\" data-element_type=\"widget\" data-widget_type=\"image.default\">\n\t\t\t\t<div class=\"elementor-widget-container\">\n\t\t\t\t\t\t\t\t\t\t\t\t\t\t\t<img decoding=\"async\" width=\"322\" height=\"86\" src=\"https:\/\/newcloud.netpoint.com.br\/wp-content\/uploads\/2025\/04\/logo-netpoint-ice.webp\" class=\"attachment-large size-large wp-image-17\" alt=\"\" srcset=\"https:\/\/newcloud.netpoint.com.br\/wp-content\/uploads\/2025\/04\/logo-netpoint-ice.webp 322w, https:\/\/newcloud.netpoint.com.br\/wp-content\/uploads\/2025\/04\/logo-netpoint-ice-300x80.webp 300w\" sizes=\"(max-width: 322px) 100vw, 322px\" \/>\t\t\t\t\t\t\t\t\t\t\t\t\t\t\t<\/div>\n\t\t\t\t<\/div>\n\t\t\t\t<\/div>\n\t\t<div class=\"elementor-element elementor-element-881afb7 e-con-full e-flex e-con e-child\" data-id=\"881afb7\" data-element_type=\"container\" data-settings=\"{&quot;background_background&quot;:&quot;classic&quot;}\">\n\t\t\t\t<div class=\"elementor-element elementor-element-226dc3b elementor-widget elementor-widget-ekit-nav-menu\" data-id=\"226dc3b\" data-element_type=\"widget\" data-widget_type=\"ekit-nav-menu.default\">\n\t\t\t\t<div class=\"elementor-widget-container\">\n\t\t\t\t\t\t\t<nav class=\"ekit-wid-con ekit_menu_responsive_mobile\" \n\t\t\tdata-hamburger-icon=\"\" \n\t\t\tdata-hamburger-icon-type=\"icon\" \n\t\t\tdata-responsive-breakpoint=\"767\">\n\t\t\t            <button class=\"elementskit-menu-hamburger elementskit-menu-toggler\"  type=\"button\" aria-label=\"hamburger-icon\">\n                                    <span class=\"elementskit-menu-hamburger-icon\"><\/span><span class=\"elementskit-menu-hamburger-icon\"><\/span><span class=\"elementskit-menu-hamburger-icon\"><\/span>\n                            <\/button>\n            <div id=\"ekit-megamenu-menu\" class=\"elementskit-menu-container elementskit-menu-offcanvas-elements elementskit-navbar-nav-default ekit-nav-menu-one-page-no ekit-nav-dropdown-hover\"><ul id=\"menu-menu\" class=\"elementskit-navbar-nav elementskit-menu-po-right submenu-click-on-icon\"><li id=\"menu-item-36\" class=\"menu-item menu-item-type-post_type menu-item-object-page menu-item-36 nav-item elementskit-mobile-builder-content\" data-vertical-menu=750px><a href=\"https:\/\/newcloud.netpoint.com.br\/index.php\/nossas-solucoes\/\" class=\"ekit-menu-nav-link\">NOSSAS SOLU\u00c7\u00d5ES<\/a><\/li>\n<li id=\"menu-item-35\" class=\"menu-item menu-item-type-post_type menu-item-object-page menu-item-35 nav-item elementskit-mobile-builder-content\" data-vertical-menu=750px><a href=\"https:\/\/newcloud.netpoint.com.br\/index.php\/blog\/\" class=\"ekit-menu-nav-link\">BLOG<\/a><\/li>\n<li id=\"menu-item-34\" class=\"menu-item menu-item-type-post_type menu-item-object-page menu-item-34 nav-item elementskit-mobile-builder-content\" data-vertical-menu=750px><a href=\"https:\/\/newcloud.netpoint.com.br\/index.php\/seja-um-parceiro\/\" class=\"ekit-menu-nav-link\">SEJA UM PARCEIRO<\/a><\/li>\n<li id=\"menu-item-33\" class=\"menu-item menu-item-type-post_type menu-item-object-page menu-item-33 nav-item elementskit-mobile-builder-content\" data-vertical-menu=750px><a href=\"https:\/\/newcloud.netpoint.com.br\/index.php\/suporte\/\" class=\"ekit-menu-nav-link\">SUPORTE<\/a><\/li>\n<li id=\"menu-item-32\" class=\"menu-item menu-item-type-post_type menu-item-object-page menu-item-32 nav-item elementskit-mobile-builder-content\" data-vertical-menu=750px><a href=\"https:\/\/newcloud.netpoint.com.br\/index.php\/solicite-um-orcamento\/\" class=\"ekit-menu-nav-link\">SOLICITE UM OR\u00c7AMENTO<\/a><\/li>\n<\/ul><div class=\"elementskit-nav-identity-panel\"><button class=\"elementskit-menu-close elementskit-menu-toggler\" type=\"button\">X<\/button><\/div><\/div>\t\t\t\n\t\t\t<div class=\"elementskit-menu-overlay elementskit-menu-offcanvas-elements elementskit-menu-toggler ekit-nav-menu--overlay\"><\/div>        <\/nav>\n\t\t\t\t\t\t<\/div>\n\t\t\t\t<\/div>\n\t\t\t\t<\/div>\n\t\t<div class=\"elementor-element elementor-element-ada126e e-con-full e-flex e-con e-child\" data-id=\"ada126e\" data-element_type=\"container\">\n\t\t\t\t<div class=\"elementor-element elementor-element-88ec525 elementor-widget elementor-widget-heading\" data-id=\"88ec525\" data-element_type=\"widget\" data-widget_type=\"heading.default\">\n\t\t\t\t<div class=\"elementor-widget-container\">\n\t\t\t\t\t<h2 class=\"elementor-heading-title elementor-size-default\">Gerenciamento de infraestrutura em Cloud<\/h2>\t\t\t\t<\/div>\n\t\t\t\t<\/div>\n\t\t\t\t<\/div>\n\t\t<div class=\"elementor-element elementor-element-cd3b67d e-con-full e-flex e-con e-child\" data-id=\"cd3b67d\" data-element_type=\"container\">\n\t\t\t\t<div class=\"elementor-element elementor-element-c977089 elementor-align-left elementor-widget elementor-widget-elementskit-button\" data-id=\"c977089\" data-element_type=\"widget\" data-widget_type=\"elementskit-button.default\">\n\t\t\t\t<div class=\"elementor-widget-container\">\n\t\t\t\t\t<div class=\"ekit-wid-con\" >\t\t<div class=\"ekit-btn-wraper\">\n\t\t\t\t\t\t\t<a href=\"#\" class=\"elementskit-btn  whitespace--normal\" id=\"\">\n\t\t\t\t\tLearn more \t\t\t\t<\/a>\n\t\t\t\t\t<\/div>\n        <\/div>\t\t\t\t<\/div>\n\t\t\t\t<\/div>\n\t\t\t\t<\/div>\n\t\t\t\t\t<\/div>\n\t\t\t\t<\/div>\n\t\t\t\t<\/div>\n\t\t","protected":false},"excerpt":{"rendered":"<p>NOSSAS SOLU\u00c7\u00d5ES BLOG SEJA UM PARCEIRO SUPORTE SOLICITE UM OR\u00c7AMENTO X Gerenciamento de infraestrutura em Cloud Learn more<\/p>\n","protected":false},"author":1,"featured_media":0,"parent":0,"menu_order":0,"comment_status":"closed","ping_status":"open","template":"elementor_canvas","meta":{"footnotes":""},"class_list":["post-2","page","type-page","status-publish","hentry"],"_links":{"self":[{"href":"https:\/\/newcloud.netpoint.com.br\/index.php\/wp-json\/wp\/v2\/pages\/2","targetHints":{"allow":["GET"]}}],"collection":[{"href":"https:\/\/newcloud.netpoint.com.br\/index.php\/wp-json\/wp\/v2\/pages"}],"about":[{"href":"https:\/\/newcloud.netpoint.com.br\/index.php\/wp-json\/wp\/v2\/types\/page"}],"author":[{"embeddable":true,"href":"https:\/\/newcloud.netpoint.com.br\/index.php\/wp-json\/wp\/v2\/users\/1"}],"replies":[{"embeddable":true,"href":"https:\/\/newcloud.netpoint.com.br\/index.php\/wp-json\/wp\/v2\/comments?post=2"}],"version-history":[{"count":12,"href":"https:\/\/newcloud.netpoint.com.br\/index.php\/wp-json\/wp\/v2\/pages\/2\/revisions"}],"predecessor-version":[{"id":43,"href":"https:\/\/newcloud.netpoint.com.br\/index.php\/wp-json\/wp\/v2\/pages\/2\/revisions\/43"}],"wp:attachment":[{"href":"https:\/\/newcloud.netpoint.com.br\/index.php\/wp-json\/wp\/v2\/media?parent=2"}],"curies":[{"name":"wp","href":"https:\/\/api.w.org\/{rel}","templated":true}]}}